{"id":10,"date":"2014-02-01T01:28:08","date_gmt":"2014-01-31T23:28:08","guid":{"rendered":"http:\/\/punisa.net\/kansantanssijat\/?page_id=10"},"modified":"2026-01-01T12:22:09","modified_gmt":"2026-01-01T10:22:09","slug":"tapahtumat","status":"publish","type":"page","link":"http:\/\/www.ita-hameenkansantanssijat.fi\/?page_id=10","title":{"rendered":"Tapahtumat"},"content":{"rendered":"<p>\u00a0<\/p>\n<p><strong>Pikkujoulut.<\/strong><\/p>\n<p>L\u00e4hdet\u00e4\u00e4n harmonikkaristeilylle joulukuulta peruuntuneen pikkujoulun merkeiss\u00e4. Harmonikkaristeily on nimens\u00e4 veroinen risteily, jossa hanurimusiikki on p\u00e4\u00e4osissa ja koko Tallink-Siljan Baltic Prinsess-laiva on varattu tuota tarkoitusta varten. Laiva l\u00e4htee Turusta lauantaina 07.03.2026 klo 19.30, k\u00e4y k\u00e4\u00e4ntym\u00e4ss\u00e4 Ruotsin Kapellsk\u00e4riss\u00e4 ja palaa Turkuun sunnuntaina 08.03.2026 klo 18.30. Lis\u00e4tietoja os: <a href=\"https:\/\/www.harmonikkaristeily.fi\/\">https:\/\/www.harmonikkaristeily.fi\/<\/a>. Risteilyn hinnat vaihtelevat B-luokan hyteist\u00e4 puhuttaessa 126,00-81,00 euron v\u00e4lill\u00e4 riippuen montako mahtuu samaan hyttiin. Kuljetuksen hoitaa taas Haarasilta ja se pyrit\u00e4\u00e4n j\u00e4rjest\u00e4m\u00e4\u00e4n yhteisty\u00f6ss\u00e4 It\u00e4-H\u00e4meen harmonikkojen kanssa. Kuljetuksen hinta asettunee 50-30 euron v\u00e4lille. Seura avustaa matkaa 30,00 eurolla.<\/p>\n<p>Laivan hyttej\u00e4 varataan koko ajan ja saadaksemme niit\u00e4 varattua omalle v\u00e4elle, pit\u00e4\u00e4 matkalle ilmoittautua mahdollisimman pian. Takaraja on perjantai 09.01.2026. Ilmoittakaa allekirjoittaneelle mahdutteko 4-hengen hyttiin, vai mahdollisesti 2h kabiiniin. Kaikki hyttivaihtoehdot l\u00f6ytyy tapahtuman verkkosivuilta.<\/p>\n<p>Sitovat ilmoittautumiset voi hoitaa puhelimitse Tuomolle 0400 710245.<\/p>\n<p>\u00a0<\/p>\n<p><strong>Kev\u00e4tkauden harjoitukset 2026<\/strong><\/p>\n<p>Kev\u00e4\u00e4n harjoitukset alkavat tiistairyhm\u00e4n osalta tiistaina 13.01.2026 klo 18.00 ja paikka on edelleen Kivimaan Sali Lyseolla os. Savontie 19. Keskiviikkoryhm\u00e4 aloittaa samassa paikassa nimens\u00e4 veroisesti keskiviikkona 14.01.2026 klo 18.00.<\/p>\n<p>\u00a0<\/p>\n<p><strong>Syyskauden harjoitukset 2025.<\/strong><\/p>\n<p>Aloitetaan syyskausi tiistaina 02.09 klo 18.00 Kivimaan salissa Lyseolla. keskiviikkoryhm\u00e4 kokoontuu sitten jo keskiviikkona 03.09 samaan aikaan samassa paikassa.<\/p>\n<p>Hannun ryhm\u00e4 kokoontuu tiistaisin ja Annamaijan keskiviikkoisin klo 18.00 ja paikka on edelleen tuo Kivimaan Sali.\u00a0<\/p>\n<p>\u00a0<\/p>\n<h1>IHKT ry.n 30v juhla<\/h1>\n<p>IHKT ry.n 30v juhla j\u00e4rjestet\u00e4\u00e4n 26.10.2024 Heinolan WPK-talolla.<\/p>\n<h1>Kes\u00e4tanssit<\/h1>\n<p>Viime kes\u00e4st\u00e4 tuttuja kes\u00e4tansseja j\u00e4rjestet\u00e4\u00e4n tulevanakin kes\u00e4n\u00e4 kuudesti Kuortin Kisahallissa yhdess\u00e4 Pertunmaan el\u00e4kel\u00e4isten kanssa. T\u00e4n\u00e4 vuonna tanssi ilta on torstai. Tanssip\u00e4iv\u00e4t ja esiintyj\u00e4t ovat seuraavat: 13.06 Minna \u00c4ik\u00e4s, 27.06 Pepe Niilahti, 04.07 Helena Lerkkanen, 18.07 Pepe Niilahti, 01.08 Minna \u00c4ik\u00e4s 15.08 Teemu Harjukari.<\/p>\n<h1>Iltamat<\/h1>\n<p>Perinteiset ohjelmalliset Iltamat j\u00e4rjestet\u00e4\u00e4n perinteiseen aikaan huhtikuun lopulla keskiviikkona 24.04.2024.<\/p>\n<p>\u00a0<\/p>\n<h1>Kev\u00e4tkauden harjoitukset.<\/h1>\n<p>Hannu J\u00e4rvisen ohjaama ryhm\u00e4 kokoontuu tiistaisin klo 18.00 Lyseonm\u00e4en koululla Kivimaasalissa os. Savontie 19, Heinola. Annamaija Lehtisen ryhm\u00e4 kokoontuu samassa paikassa keskiviikkoisin klo 18.00<\/p>\n<h1>Syksyn harjoitukset alkavat.<\/h1>\n<p>Syyskauden harjoitukset ovat poikkeuksellisesti sek\u00e4 keskiviikko-, ett\u00e4 tiistairyhm\u00e4n osalta WPK-talolla tiistaisin. Keskiviikkoryhm\u00e4n treenit alkavat klo 19.15 ja tiistairyhm\u00e4n klo 17.30. Syyskausi alkaa tiistaina 12.09. T\u00e4m\u00e4 siksi, ettei kaupungilla ole meille osoittaa paikkaa, koska Lyseon Kivimaa-sali on remontin kourissa. Toiveissa on, ett\u00e4 palataan normaaliin k\u00e4yt\u00e4nt\u00f6\u00f6n ensi vuoden alusta.<\/p>\n<h1><strong>Hollo ja Martta festivaalin kansainv\u00e4linen ilta<\/strong><\/h1>\n<p>Perinteisen Hollo ja Martta kansantanssifestivaalin kansainv\u00e4linen ilta vietet\u00e4\u00e4n Heinolan WPK-talolla keskiviikkona 01.11.2022 alkaen klo 18.30. Lavalle nousee Latvialainen\u00a0 tanssiryhm\u00e4 Zelta Virpulis. My\u00f6s IHKT.n ryhm\u00e4 esiintyy illan aikana. P\u00e4\u00e4symaksu on aikuisilta 20,00 ja 14,00 opiskelijat ja lapset. P\u00e4\u00e4symaksu sis\u00e4lt\u00e4\u00e4 v\u00e4liaikatarjoilun.<\/p>\n<p>\u00a0<\/p>\n\n\n<figure class=\"wp-block-image size-large\"><a href=\"https:\/\/www.ita-hameenkansantanssijat.fi\/wp-content\/uploads\/2023\/08\/Mainos-Latvialainen-Ilta-1-scaled.jpg\"><img loading=\"lazy\" width=\"724\" height=\"1024\" src=\"https:\/\/www.ita-hameenkansantanssijat.fi\/wp-content\/uploads\/2023\/08\/Mainos-Latvialainen-Ilta-1-724x1024.jpg\" alt=\"\" class=\"wp-image-360\" srcset=\"http:\/\/www.ita-hameenkansantanssijat.fi\/wp-content\/uploads\/2023\/08\/Mainos-Latvialainen-Ilta-1-724x1024.jpg 724w, http:\/\/www.ita-hameenkansantanssijat.fi\/wp-content\/uploads\/2023\/08\/Mainos-Latvialainen-Ilta-1-212x300.jpg 212w, http:\/\/www.ita-hameenkansantanssijat.fi\/wp-content\/uploads\/2023\/08\/Mainos-Latvialainen-Ilta-1-768x1086.jpg 768w, http:\/\/www.ita-hameenkansantanssijat.fi\/wp-content\/uploads\/2023\/08\/Mainos-Latvialainen-Ilta-1-1086x1536.jpg 1086w, http:\/\/www.ita-hameenkansantanssijat.fi\/wp-content\/uploads\/2023\/08\/Mainos-Latvialainen-Ilta-1-1448x2048.jpg 1448w, http:\/\/www.ita-hameenkansantanssijat.fi\/wp-content\/uploads\/2023\/08\/Mainos-Latvialainen-Ilta-1-scaled.jpg 1810w\" sizes=\"(max-width: 724px) 100vw, 724px\" \/><\/a><\/figure>\n","protected":false},"excerpt":{"rendered":"<p>\u00a0 Pikkujoulut. L\u00e4hdet\u00e4\u00e4n harmonikkaristeilylle joulukuulta peruuntuneen pikkujoulun merkeiss\u00e4. Harmonikkaristeily on nimens\u00e4 veroinen risteily, jossa hanurimusiikki on p\u00e4\u00e4osissa ja koko Tallink-Siljan Baltic Prinsess-laiva on varattu tuota tarkoitusta varten. Laiva l\u00e4htee Turusta lauantaina 07.03.2026 klo 19.30, k\u00e4y k\u00e4\u00e4ntym\u00e4ss\u00e4 Ruotsin Kapellsk\u00e4riss\u00e4 ja palaa Turkuun sunnuntaina 08.03.2026 klo 18.30. Lis\u00e4tietoja os: https:\/\/www.harmonikkaristeily.fi\/. Risteilyn hinnat vaihtelevat B-luokan hyteist\u00e4 puhuttaessa 126,00-81,00 [&hellip;]<\/p>\n","protected":false},"author":1,"featured_media":0,"parent":0,"menu_order":0,"comment_status":"closed","ping_status":"closed","template":"","meta":[],"_links":{"self":[{"href":"http:\/\/www.ita-hameenkansantanssijat.fi\/index.php?rest_route=\/wp\/v2\/pages\/10"}],"collection":[{"href":"http:\/\/www.ita-hameenkansantanssijat.fi\/index.php?rest_route=\/wp\/v2\/pages"}],"about":[{"href":"http:\/\/www.ita-hameenkansantanssijat.fi\/index.php?rest_route=\/wp\/v2\/types\/page"}],"author":[{"embeddable":true,"href":"http:\/\/www.ita-hameenkansantanssijat.fi\/index.php?rest_route=\/wp\/v2\/users\/1"}],"replies":[{"embeddable":true,"href":"http:\/\/www.ita-hameenkansantanssijat.fi\/index.php?rest_route=%2Fwp%2Fv2%2Fcomments&post=10"}],"version-history":[{"count":78,"href":"http:\/\/www.ita-hameenkansantanssijat.fi\/index.php?rest_route=\/wp\/v2\/pages\/10\/revisions"}],"predecessor-version":[{"id":402,"href":"http:\/\/www.ita-hameenkansantanssijat.fi\/index.php?rest_route=\/wp\/v2\/pages\/10\/revisions\/402"}],"wp:attachment":[{"href":"http:\/\/www.ita-hameenkansantanssijat.fi\/index.php?rest_route=%2Fwp%2Fv2%2Fmedia&parent=10"}],"curies":[{"name":"wp","href":"https:\/\/api.w.org\/{rel}","templated":true}]}}