{"id":7,"date":"2014-02-01T01:26:55","date_gmt":"2014-01-31T23:26:55","guid":{"rendered":"http:\/\/punisa.net\/kansantanssijat\/?page_id=7"},"modified":"2023-01-24T16:06:41","modified_gmt":"2023-01-24T14:06:41","slug":"yhteystiedot","status":"publish","type":"page","link":"http:\/\/www.ita-hameenkansantanssijat.fi\/?page_id=7","title":{"rendered":"Yhteystiedot"},"content":{"rendered":"<h2><span style=\"line-height: 1.5;\">It\u00e4-H\u00e4meen Kansantanssijat ry<\/span><\/h2>\n<h4><\/h4>\n<table style=\"border: 0px;\">\n<tbody>\n<tr>\n<td style=\"width: 50%; border: 0px;\" valign=\"top\">\n<h4>Hallituksen puheenjohtaja<\/h4>\n<p><strong><span style=\"line-height: 1.5;\">Sepp\u00e4nen Tuomo<br \/>\n<\/span><\/strong>0400 710 245<br \/>\ntuomo.seppanen@phnet.fi<\/p>\n<p>ihkt@outlook.com<\/p>\n<h4><strong><span style=\"line-height: 1.5;\">Hallituksen sihteeri\u00a0 ja t<\/span><\/strong><strong><span style=\"line-height: 1.5;\">aloudenhoitaja<\/span><\/strong><\/h4>\n<p><strong><span style=\"line-height: 1.5;\">Tamminen Maarit<br \/>\n<\/span><\/strong>040 5877 151<\/p>\n<p>ihkt@outlook.com<\/p>\n<h2><span style=\"line-height: 1.5;\">Ohjaajat<\/span><\/h2>\n<p><strong><span style=\"line-height: 1.5;\">J\u00e4rvinen Hannu<br \/>\n<\/span><\/strong><span style=\"line-height: 1.5;\">0400 353 401<br \/>\n<\/span><span style=\"line-height: 1.5;\">hanski.o.jarvinen@gmail.com<\/span><\/p>\n<p><strong><span style=\"line-height: 1.5;\">Lehtinen\u00a0<\/span><span style=\"line-height: 1.5;\">Annamaija<br \/>\n<\/span><\/strong><span style=\"line-height: 1.5;\">040 757 0652<br \/>\n<\/span><\/td>\n<td style=\"width: 50%; border: 0px;\" valign=\"top\">\n<h2>Hallitus<\/h2>\n<p><strong>Puheenjohtaja<br \/>\n<\/strong>Sepp\u00e4nen Tuomo<\/p>\n<p><strong>Varapuheenjohtaja\u00a0\u00a0\u00a0\u00a0\u00a0\u00a0\u00a0\u00a0\u00a0\u00a0\u00a0\u00a0\u00a0\u00a0\u00a0\u00a0\u00a0\u00a0\u00a0\u00a0\u00a0\u00a0\u00a0\u00a0\u00a0\u00a0\u00a0<\/strong>\u00a0 \u00a0 \u00a0 \u00a0 \u00a0 \u00a0 \u00a0 \u00a0 \u00a0 \u00a0 \u00a0 \u00a0 \u00a0 \u00a0 \u00a0Pollari Otso<\/p>\n<p><strong>Sihteeri<br \/>\n<\/strong><span style=\"line-height: 1.5;\">Tamminen Maarit<\/span><\/p>\n<h4>J\u00e4senet<\/h4>\n<p><span style=\"line-height: 1.5;\">Lampela Kullervo<br \/>\n<\/span><span style=\"line-height: 1.5;\">Pollari Otso<br \/>\n<\/span><span style=\"line-height: 1.5;\">Lehtinen Annamaija<br \/>\n<\/span><span style=\"line-height: 1.5;\">Sepp\u00e4nen Leena<\/span><\/p>\n<h4>Varaj\u00e4senet<\/h4>\n<p>Ollila Paula<br \/>\nKyng\u00e4s Satu<span style=\"line-height: 1.5;\"><br \/>\nK\u00f6rm\u00f6l\u00e4inen Pirkko<\/span><span style=\"line-height: 1.5;\"><br \/>\n<\/span>Virtanen Pertti<\/td>\n<\/tr>\n<\/tbody>\n<\/table>\n","protected":false},"excerpt":{"rendered":"<p>It\u00e4-H\u00e4meen Kansantanssijat ry Hallituksen puheenjohtaja Sepp\u00e4nen Tuomo 0400 710 245 tuomo.seppanen@phnet.fi ihkt@outlook.com Hallituksen sihteeri\u00a0 ja taloudenhoitaja Tamminen Maarit 040 5877 151 ihkt@outlook.com Ohjaajat J\u00e4rvinen Hannu 0400 353 401 hanski.o.jarvinen@gmail.com Lehtinen\u00a0Annamaija 040 757 0652 Hallitus Puheenjohtaja Sepp\u00e4nen Tuomo Varapuheenjohtaja\u00a0\u00a0\u00a0\u00a0\u00a0\u00a0\u00a0\u00a0\u00a0\u00a0\u00a0\u00a0\u00a0\u00a0\u00a0\u00a0\u00a0\u00a0\u00a0\u00a0\u00a0\u00a0\u00a0\u00a0\u00a0\u00a0\u00a0\u00a0 \u00a0 \u00a0 \u00a0 \u00a0 \u00a0 \u00a0 \u00a0 \u00a0 \u00a0 \u00a0 \u00a0 \u00a0 \u00a0 \u00a0Pollari Otso Sihteeri Tamminen [&hellip;]<\/p>\n","protected":false},"author":1,"featured_media":0,"parent":0,"menu_order":0,"comment_status":"closed","ping_status":"closed","template":"","meta":[],"_links":{"self":[{"href":"http:\/\/www.ita-hameenkansantanssijat.fi\/index.php?rest_route=\/wp\/v2\/pages\/7"}],"collection":[{"href":"http:\/\/www.ita-hameenkansantanssijat.fi\/index.php?rest_route=\/wp\/v2\/pages"}],"about":[{"href":"http:\/\/www.ita-hameenkansantanssijat.fi\/index.php?rest_route=\/wp\/v2\/types\/page"}],"author":[{"embeddable":true,"href":"http:\/\/www.ita-hameenkansantanssijat.fi\/index.php?rest_route=\/wp\/v2\/users\/1"}],"replies":[{"embeddable":true,"href":"http:\/\/www.ita-hameenkansantanssijat.fi\/index.php?rest_route=%2Fwp%2Fv2%2Fcomments&post=7"}],"version-history":[{"count":31,"href":"http:\/\/www.ita-hameenkansantanssijat.fi\/index.php?rest_route=\/wp\/v2\/pages\/7\/revisions"}],"predecessor-version":[{"id":347,"href":"http:\/\/www.ita-hameenkansantanssijat.fi\/index.php?rest_route=\/wp\/v2\/pages\/7\/revisions\/347"}],"wp:attachment":[{"href":"http:\/\/www.ita-hameenkansantanssijat.fi\/index.php?rest_route=%2Fwp%2Fv2%2Fmedia&parent=7"}],"curies":[{"name":"wp","href":"https:\/\/api.w.org\/{rel}","templated":true}]}}